{"id":2030,"date":"2021-07-06T16:29:07","date_gmt":"2021-07-06T19:29:07","guid":{"rendered":"https:\/\/museocaraffa.org.ar\/coleccion\/?page_id=2030"},"modified":"2025-06-06T11:13:55","modified_gmt":"2025-06-06T14:13:55","slug":"artistas-c","status":"publish","type":"page","link":"https:\/\/museocaraffa.org.ar\/coleccion\/index.php\/artistas-c\/","title":{"rendered":"Artistas &#8211; C"},"content":{"rendered":"\n<p><a href=\"https:\/\/museocaraffa.org.ar\/coleccion\/index.php\/artistas-new\/\" data-type=\"URL\">A<\/a> | <a href=\"https:\/\/museocaraffa.org.ar\/coleccion\/index.php\/artistas-b\">B<\/a> | <a href=\"https:\/\/museocaraffa.org.ar\/coleccion\/index.php\/artistas-c\">C<\/a> | <a href=\"https:\/\/museocaraffa.org.ar\/coleccion\/index.php\/artistas-d\">D<\/a> | <a href=\"https:\/\/museocaraffa.org.ar\/coleccion\/index.php\/artistas-e\">E<\/a> | <a href=\"https:\/\/museocaraffa.org.ar\/coleccion\/index.php\/artistas-f\">F<\/a> | <a href=\"https:\/\/museocaraffa.org.ar\/coleccion\/index.php\/artistas-g\">G<\/a> | <a href=\"https:\/\/museocaraffa.org.ar\/coleccion\/index.php\/artistas-h\">H<\/a> | <a href=\"https:\/\/museocaraffa.org.ar\/coleccion\/index.php\/artistas-i\">I<\/a> | <a href=\"https:\/\/museocaraffa.org.ar\/coleccion\/index.php\/artistas-j\">J<\/a> | <a href=\"https:\/\/museocaraffa.org.ar\/coleccion\/index.php\/artistas-k\">K<\/a> | <a href=\"https:\/\/museocaraffa.org.ar\/coleccion\/index.php\/artistas-l\">L<\/a> | <a href=\"https:\/\/museocaraffa.org.ar\/coleccion\/index.php\/artistas-m\">M<\/a> | <a href=\"https:\/\/museocaraffa.org.ar\/coleccion\/index.php\/artistas-n\">N<\/a> | <a href=\"https:\/\/museocaraffa.org.ar\/coleccion\/index.php\/artistas-n-2\">\u00d1<\/a> | <a href=\"https:\/\/museocaraffa.org.ar\/coleccion\/index.php\/artistas-o\">O<\/a> | <a href=\"https:\/\/museocaraffa.org.ar\/coleccion\/index.php\/artistas-p\">P<\/a> | <a href=\"https:\/\/museocaraffa.org.ar\/coleccion\/index.php\/artistas-q\">Q<\/a> | <a href=\"https:\/\/museocaraffa.org.ar\/coleccion\/index.php\/artistas-r\">R<\/a> | <a href=\"https:\/\/museocaraffa.org.ar\/coleccion\/index.php\/artistas-s\">S<\/a> | <a href=\"https:\/\/museocaraffa.org.ar\/coleccion\/index.php\/artistas-t\">T<\/a> | <a href=\"https:\/\/museocaraffa.org.ar\/coleccion\/index.php\/artistas-u\">U<\/a> | <a href=\"https:\/\/museocaraffa.org.ar\/coleccion\/index.php\/artistas-v\">V<\/a> | <a href=\"https:\/\/museocaraffa.org.ar\/coleccion\/index.php\/artistas-w\">W<\/a> | <a href=\"https:\/\/museocaraffa.org.ar\/coleccion\/index.php\/artistas-x\">X<\/a> | <a href=\"https:\/\/museocaraffa.org.ar\/coleccion\/index.php\/artistas-y\">Y<\/a> | <a href=\"https:\/\/museocaraffa.org.ar\/coleccion\/index.php\/artistas-z\">Z<\/a><\/p>\n\n\n\n<p class=\"has-small-font-size\"><a href=\"https:\/\/museocaraffa.org.ar\/coleccion\/index.php\/2021\/11\/12\/caceres-anahi\/\" data-type=\"post\" data-id=\"7316\">C\u00e1ceres, Anah\u00ed<\/a><br><a href=\"https:\/\/museocaraffa.org.ar\/coleccion\/index.php\/2021\/11\/12\/caceres-dolores\/\" data-type=\"post\" data-id=\"7323\">C\u00e1ceres, Dolores<\/a><br><a href=\"https:\/\/museocaraffa.org.ar\/coleccion\/index.php\/2024\/06\/14\/calcaterra-javier\/\" data-type=\"post\" data-id=\"13838\">Calcaterra, Javier<\/a><br><a href=\"https:\/\/museocaraffa.org.ar\/coleccion\/index.php\/2021\/11\/12\/calvo-eugenia\/\" data-type=\"post\" data-id=\"7330\">Calvo, Eugenia<\/a><br><a href=\"https:\/\/museocaraffa.org.ar\/coleccion\/index.php\/2021\/11\/12\/camilloni-carlos\/\" data-type=\"post\" data-id=\"7336\">Camilloni, Carlos<\/a><br><a href=\"https:\/\/museocaraffa.org.ar\/coleccion\/index.php\/2021\/11\/12\/camporeale-sergio\/\" data-type=\"post\" data-id=\"7346\">Camporeale, Sergio<\/a><br><a href=\"https:\/\/museocaraffa.org.ar\/coleccion\/index.php\/2022\/06\/09\/campriani-alceste\/\" data-type=\"post\" data-id=\"11363\">Campriani, Alceste<\/a><br>Camps, Alberto Eduardo<br><a href=\"https:\/\/museocaraffa.org.ar\/coleccion\/index.php\/2022\/12\/07\/candi-nestor\/\" data-type=\"post\" data-id=\"11635\">Candi, N\u00e9stor Rodolfo<\/a><br><a href=\"https:\/\/museocaraffa.org.ar\/coleccion\/index.php\/2022\/06\/09\/candiani-alicia\/\" data-type=\"post\" data-id=\"11370\">Candiani, Alicia<\/a><br><a href=\"https:\/\/museocaraffa.org.ar\/coleccion\/index.php\/2021\/11\/12\/canedo-pablo\/\" data-type=\"post\" data-id=\"7352\">Canedo, Pablo<\/a><br><a href=\"https:\/\/museocaraffa.org.ar\/coleccion\/index.php\/2021\/11\/12\/cangiano-josefina\/\" data-type=\"post\" data-id=\"7358\">Cangiano, Josefina<\/a><br><a href=\"https:\/\/museocaraffa.org.ar\/coleccion\/index.php\/2022\/11\/30\/canas-carlos\/\" data-type=\"post\" data-id=\"11535\">Ca\u00f1\u00e1s, Carlos<\/a><br><a href=\"https:\/\/museocaraffa.org.ar\/coleccion\/index.php\/2021\/11\/12\/capardi-daniel\/\" data-type=\"post\" data-id=\"7369\">Capardi, Daniel<\/a><br><a href=\"https:\/\/museocaraffa.org.ar\/coleccion\/index.php\/2022\/11\/30\/capp-alfred-g\/\" data-type=\"post\" data-id=\"11544\">Capp, Al (Alfred Gerald Caplin)<\/a><br><a href=\"https:\/\/museocaraffa.org.ar\/coleccion\/index.php\/2021\/11\/12\/capristo-oscar\/\" data-type=\"post\" data-id=\"7424\">Capristo, Oscar<\/a><br><a href=\"https:\/\/museocaraffa.org.ar\/coleccion\/index.php\/2021\/11\/12\/caraffa-emilio-a\/\" data-type=\"post\" data-id=\"7456\">Caraffa, Emilio<\/a><br><a href=\"https:\/\/museocaraffa.org.ar\/coleccion\/index.php\/2021\/11\/12\/carballo-aida\/\" data-type=\"post\" data-id=\"7468\">Carballo, A\u00edda<\/a><br><a href=\"https:\/\/museocaraffa.org.ar\/coleccion\/index.php\/2021\/11\/12\/cardenosa-manuel\/\" data-type=\"post\" data-id=\"7475\">Carde\u00f1osa, Manuel<\/a><br><a href=\"https:\/\/museocaraffa.org.ar\/coleccion\/index.php\/2022\/11\/30\/carena-felice\/\" data-type=\"post\" data-id=\"11551\">Carena, Felice<\/a><br><a href=\"https:\/\/museocaraffa.org.ar\/coleccion\/index.php\/2021\/11\/13\/carrega-nunez-jose\/\" data-type=\"post\" data-id=\"7489\">C\u00e1rrega N\u00fa\u00f1ez, Jos\u00e9<\/a><br><a href=\"https:\/\/museocaraffa.org.ar\/coleccion\/index.php\/2022\/11\/30\/carreno-anibal\/\" data-type=\"post\" data-id=\"11576\">Carre\u00f1o, An\u00edbal<\/a><br><a href=\"https:\/\/museocaraffa.org.ar\/coleccion\/index.php\/2021\/11\/20\/carrizo-martin\/\" data-type=\"post\" data-id=\"7753\">Carrizo, Mart\u00edn<\/a><br><a href=\"https:\/\/museocaraffa.org.ar\/coleccion\/index.php\/2021\/11\/13\/casas-ocampo-emilio\/\" data-type=\"post\" data-id=\"7504\">Casas Ocampo, Emilio<\/a><br><a href=\"https:\/\/museocaraffa.org.ar\/coleccion\/index.php\/2021\/11\/13\/casas-ramon\/\" data-type=\"post\" data-id=\"7514\">Casas, Ram\u00f3n<\/a><br><a href=\"https:\/\/museocaraffa.org.ar\/coleccion\/index.php\/2021\/11\/13\/castagna-rodolfo\/\" data-type=\"post\" data-id=\"7520\">Castagna, Rodolfo<\/a><br><a href=\"https:\/\/museocaraffa.org.ar\/coleccion\/index.php\/2021\/11\/13\/castagnino-juan-carlos\/\" data-type=\"post\" data-id=\"7529\">Castagnino, Juan Carlos<\/a><br><a href=\"https:\/\/museocaraffa.org.ar\/coleccion\/index.php\/2022\/12\/02\/castello-oscar\/\" data-type=\"post\" data-id=\"11585\">Castell\u00f3, Oscar<\/a><br><a href=\"https:\/\/museocaraffa.org.ar\/coleccion\/index.php\/2022\/11\/30\/castiglia-ricardo\/\" data-type=\"post\" data-id=\"11519\">Castiglia, Ricardo<\/a><br><a href=\"https:\/\/museocaraffa.org.ar\/coleccion\/index.php\/2022\/04\/08\/castineira-romina\/\" data-type=\"post\" data-id=\"10640\">Casti\u00f1eira, Romina<\/a><br><a href=\"https:\/\/museocaraffa.org.ar\/coleccion\/index.php\/2022\/12\/02\/caterbetti-jorge\/\" data-type=\"post\" data-id=\"11591\">Caterbetti, Jorge<\/a><br><a href=\"https:\/\/museocaraffa.org.ar\/coleccion\/index.php\/2021\/11\/13\/cedron-anibal\/\" data-type=\"post\" data-id=\"7557\">Cedr\u00f3n, An\u00edbal<\/a><br><a href=\"https:\/\/museocaraffa.org.ar\/coleccion\/index.php\/2021\/11\/13\/centanaro-pedro\/\" data-type=\"post\" data-id=\"7536\">Centanaro, Pedro<\/a><br><a href=\"https:\/\/museocaraffa.org.ar\/coleccion\/index.php\/2021\/11\/13\/cerrito-egidio\/\" data-type=\"post\" data-id=\"7545\">Cerrito, Egidio<\/a><br><a href=\"https:\/\/museocaraffa.org.ar\/coleccion\/index.php\/2021\/11\/18\/cesetti-giuseppe\/\" data-type=\"post\" data-id=\"7566\">Cesetti, Giuseppe<\/a><br><a href=\"https:\/\/museocaraffa.org.ar\/coleccion\/index.php\/2024\/03\/20\/chali-elian\/\" data-type=\"post\" data-id=\"13374\">Chali, Elian<\/a><br><a href=\"https:\/\/museocaraffa.org.ar\/coleccion\/index.php\/2021\/11\/18\/chiachio-giannone-chiachio-leo-giannone-daniel\/\" data-type=\"post\" data-id=\"7572\">Chiachio &amp; Giannone (Chiachio, Leo \/ Giannone, Daniel)<br><\/a><a href=\"https:\/\/museocaraffa.org.ar\/coleccion\/index.php\/2021\/11\/18\/chierico-santiago-jose\/\" data-type=\"post\" data-id=\"7579\">Chierico, Santiago Jos\u00e9<\/a><br><a href=\"https:\/\/museocaraffa.org.ar\/coleccion\/index.php\/2024\/05\/02\/churquina-candido\/\" data-type=\"post\" data-id=\"13583\">Churquina, C\u00e1ndido<\/a><br><a href=\"https:\/\/museocaraffa.org.ar\/coleccion\/index.php\/2022\/12\/02\/ciocchini-cleto\/\" data-type=\"post\" data-id=\"11601\">Ciocchini, Cleto<\/a><br><a href=\"https:\/\/museocaraffa.org.ar\/coleccion\/index.php\/2021\/11\/18\/claro-bettinelli-manuel\/\" data-type=\"post\" data-id=\"7585\">Claro Bettinelli, Manuel<\/a><br><a href=\"https:\/\/museocaraffa.org.ar\/coleccion\/index.php\/2021\/11\/18\/cochet-gustavo\/\" data-type=\"post\" data-id=\"7596\">Cochet, Gustavo<\/a><br><a href=\"https:\/\/museocaraffa.org.ar\/coleccion\/index.php\/2021\/11\/18\/cogorno-santiago\/\" data-type=\"post\" data-id=\"7603\">Cogorno, Santiago<\/a><br><a href=\"https:\/\/museocaraffa.org.ar\/coleccion\/index.php\/2021\/11\/18\/collivadino-pio\/\" data-type=\"post\" data-id=\"7609\">Collivadino, P\u00edo<\/a><br><a href=\"https:\/\/museocaraffa.org.ar\/coleccion\/index.php\/2021\/11\/18\/cordiviola-luis\/\" data-type=\"post\" data-id=\"7624\">Cordiviola, Luis<\/a><br><a href=\"https:\/\/museocaraffa.org.ar\/coleccion\/index.php\/2021\/11\/18\/cordoba-jorge-horacio\/\" data-type=\"post\" data-id=\"7615\">C\u00f3rdoba, Jorge Horacio<\/a><br><a href=\"https:\/\/museocaraffa.org.ar\/coleccion\/index.php\/2022\/12\/02\/cordoba-julio\/\" data-type=\"post\" data-id=\"11612\">C\u00f3rdoba, Julio<\/a><br><a href=\"https:\/\/museocaraffa.org.ar\/coleccion\/index.php\/2021\/11\/18\/cortinovis-aurelio\/\" data-type=\"post\" data-id=\"7631\">Cortinovis, Aurelio<\/a><br><a href=\"https:\/\/museocaraffa.org.ar\/coleccion\/index.php\/2021\/11\/18\/costantino-nicola\/\" data-type=\"post\" data-id=\"7638\">Costantino, Nicola<\/a><br>Courbet, Gustav<br><a href=\"https:\/\/museocaraffa.org.ar\/coleccion\/index.php\/2021\/11\/18\/coutaret-manuel\/\" data-type=\"post\" data-id=\"7640\">Coutaret, Manuel<\/a><br><a href=\"https:\/\/museocaraffa.org.ar\/coleccion\/index.php\/2021\/11\/18\/crespo-carlos-manuel\/\" data-type=\"post\" data-id=\"7664\">Crespo, Carlos Manuel<br><\/a><a href=\"https:\/\/museocaraffa.org.ar\/coleccion\/index.php\/2021\/11\/18\/cresta-norberto\/\" data-type=\"post\" data-id=\"7671\">Cresta, Norberto<\/a><br><a href=\"https:\/\/museocaraffa.org.ar\/coleccion\/index.php\/2021\/11\/19\/crist-cristobal-reinoso\/\" data-type=\"post\" data-id=\"7678\">Crist (Crist\u00f3bal Reinoso)<\/a><br><a href=\"https:\/\/museocaraffa.org.ar\/coleccion\/index.php\/2022\/12\/07\/crivelli-ricardo-a\/\" data-type=\"post\" data-id=\"11661\">Crivelli, Ricardo\u00a0 A.<\/a><br><a href=\"https:\/\/museocaraffa.org.ar\/coleccion\/index.php\/2021\/11\/19\/crovetto-nestor\/\" data-type=\"post\" data-id=\"7684\">Crovetto, N\u00e9stor<\/a><br><a href=\"https:\/\/museocaraffa.org.ar\/coleccion\/index.php\/2021\/11\/19\/cugat-delia\/\" data-type=\"post\" data-id=\"7689\">Cugat, Delia<\/a><br><a href=\"https:\/\/museocaraffa.org.ar\/coleccion\/index.php\/2021\/11\/19\/cuquejo-raul-diego\/\" data-type=\"post\" data-id=\"7700\">Cuquejo, Ra\u00fal Diego<\/a><br><a href=\"https:\/\/museocaraffa.org.ar\/coleccion\/index.php\/2021\/11\/19\/curatella-manes-pablo\/\" data-type=\"post\" data-id=\"7706\">Curatella Manes, Pablo<\/a><br><a href=\"https:\/\/museocaraffa.org.ar\/coleccion\/index.php\/2021\/11\/19\/curet-nilda-zul\/\" data-type=\"post\" data-id=\"7712\">Curet, Nilda Zul<\/a><br><a href=\"https:\/\/museocaraffa.org.ar\/coleccion\/index.php\/2021\/11\/19\/curtino-oscar\/\" data-type=\"post\" data-id=\"7718\">Curtino, Oscar<\/a><br><a href=\"https:\/\/museocaraffa.org.ar\/coleccion\/index.php\/2021\/11\/19\/curutchet-pablo\/\" data-type=\"post\" data-id=\"7730\">Curutchet, Pablo<\/a><\/p>\n","protected":false},"excerpt":{"rendered":"<p>A | B | C | D | E | F | G | H | I | J | K | L | M | N | \u00d1 | O | P | Q | R | S | T | U | V | W | X | Y | Z C\u00e1ceres, Anah\u00edC\u00e1ceres, [&hellip;]<\/p>\n","protected":false},"author":1,"featured_media":0,"parent":0,"menu_order":0,"comment_status":"closed","ping_status":"closed","template":"","meta":{"_vp_format_video_url":"","_vp_image_focal_point":[],"_starter_page_template":"blank"},"_links":{"self":[{"href":"https:\/\/museocaraffa.org.ar\/coleccion\/index.php\/wp-json\/wp\/v2\/pages\/2030"}],"collection":[{"href":"https:\/\/museocaraffa.org.ar\/coleccion\/index.php\/wp-json\/wp\/v2\/pages"}],"about":[{"href":"https:\/\/museocaraffa.org.ar\/coleccion\/index.php\/wp-json\/wp\/v2\/types\/page"}],"author":[{"embeddable":true,"href":"https:\/\/museocaraffa.org.ar\/coleccion\/index.php\/wp-json\/wp\/v2\/users\/1"}],"replies":[{"embeddable":true,"href":"https:\/\/museocaraffa.org.ar\/coleccion\/index.php\/wp-json\/wp\/v2\/comments?post=2030"}],"version-history":[{"count":89,"href":"https:\/\/museocaraffa.org.ar\/coleccion\/index.php\/wp-json\/wp\/v2\/pages\/2030\/revisions"}],"predecessor-version":[{"id":14139,"href":"https:\/\/museocaraffa.org.ar\/coleccion\/index.php\/wp-json\/wp\/v2\/pages\/2030\/revisions\/14139"}],"wp:attachment":[{"href":"https:\/\/museocaraffa.org.ar\/coleccion\/index.php\/wp-json\/wp\/v2\/media?parent=2030"}],"curies":[{"name":"wp","href":"https:\/\/api.w.org\/{rel}","templated":true}]}}