{"id":2138,"date":"2021-07-06T17:27:36","date_gmt":"2021-07-06T20:27:36","guid":{"rendered":"https:\/\/museocaraffa.org.ar\/coleccion\/?page_id=2138"},"modified":"2025-10-02T15:39:25","modified_gmt":"2025-10-02T18:39:25","slug":"artistas-g","status":"publish","type":"page","link":"https:\/\/museocaraffa.org.ar\/coleccion\/index.php\/artistas-g\/","title":{"rendered":"Artistas &#8211; G"},"content":{"rendered":"\n<p><a href=\"https:\/\/museocaraffa.org.ar\/coleccion\/index.php\/artistas-new\/\">A<\/a> | <a href=\"https:\/\/museocaraffa.org.ar\/coleccion\/index.php\/artistas-b\">B<\/a> | <a href=\"https:\/\/museocaraffa.org.ar\/coleccion\/index.php\/artistas-c\">C<\/a> | <a href=\"https:\/\/museocaraffa.org.ar\/coleccion\/index.php\/artistas-d\">D<\/a> | <a href=\"https:\/\/museocaraffa.org.ar\/coleccion\/index.php\/artistas-e\">E<\/a> | <a href=\"https:\/\/museocaraffa.org.ar\/coleccion\/index.php\/artistas-f\">F<\/a> | <a href=\"https:\/\/museocaraffa.org.ar\/coleccion\/index.php\/artistas-g\">G<\/a> | <a href=\"https:\/\/museocaraffa.org.ar\/coleccion\/index.php\/artistas-h\">H<\/a> | <a href=\"https:\/\/museocaraffa.org.ar\/coleccion\/index.php\/artistas-i\">I<\/a> | <a href=\"https:\/\/museocaraffa.org.ar\/coleccion\/index.php\/artistas-j\">J<\/a> | <a href=\"https:\/\/museocaraffa.org.ar\/coleccion\/index.php\/artistas-k\">K<\/a> | <a href=\"https:\/\/museocaraffa.org.ar\/coleccion\/index.php\/artistas-l\">L<\/a> | <a href=\"https:\/\/museocaraffa.org.ar\/coleccion\/index.php\/artistas-m\">M<\/a> | <a href=\"https:\/\/museocaraffa.org.ar\/coleccion\/index.php\/artistas-n\">N<\/a> | <a href=\"https:\/\/museocaraffa.org.ar\/coleccion\/index.php\/artistas-n-2\">\u00d1<\/a> | <a href=\"https:\/\/museocaraffa.org.ar\/coleccion\/index.php\/artistas-o\">O<\/a> | <a href=\"https:\/\/museocaraffa.org.ar\/coleccion\/index.php\/artistas-p\">P<\/a> | <a href=\"https:\/\/museocaraffa.org.ar\/coleccion\/index.php\/artistas-q\">Q<\/a> | <a href=\"https:\/\/museocaraffa.org.ar\/coleccion\/index.php\/artistas-r\">R<\/a> | <a href=\"https:\/\/museocaraffa.org.ar\/coleccion\/index.php\/artistas-s\">S<\/a> | <a href=\"https:\/\/museocaraffa.org.ar\/coleccion\/index.php\/artistas-t\">T<\/a> | <a href=\"https:\/\/museocaraffa.org.ar\/coleccion\/index.php\/artistas-u\">U<\/a> | <a href=\"https:\/\/museocaraffa.org.ar\/coleccion\/index.php\/artistas-v\">V<\/a> | <a href=\"https:\/\/museocaraffa.org.ar\/coleccion\/index.php\/artistas-w\">W<\/a> | <a href=\"https:\/\/museocaraffa.org.ar\/coleccion\/index.php\/artistas-x\">X<\/a> | <a href=\"https:\/\/museocaraffa.org.ar\/coleccion\/index.php\/artistas-y\">Y<\/a> | <a href=\"https:\/\/museocaraffa.org.ar\/coleccion\/index.php\/artistas-z\">Z<\/a><\/p>\n\n\n\n<p class=\"has-small-font-size\"><a href=\"https:\/\/museocaraffa.org.ar\/coleccion\/index.php\/2021\/12\/10\/galiasso-sara\/\" data-type=\"post\" data-id=\"8325\">Galiasso, Sara<\/a><br><a href=\"https:\/\/museocaraffa.org.ar\/coleccion\/index.php\/2023\/06\/07\/galicer-roberto\/\" data-type=\"post\" data-id=\"12387\">Galicer, Roberto<\/a><br><a href=\"https:\/\/museocaraffa.org.ar\/coleccion\/index.php\/2023\/06\/08\/gallegos-selva\/\" data-type=\"post\" data-id=\"12423\">Gallegos, Selva<\/a><br><a href=\"https:\/\/museocaraffa.org.ar\/coleccion\/index.php\/2021\/12\/10\/gambartes-leonidas\/\" data-type=\"post\" data-id=\"8331\">Gambartes, Le\u00f3nidas<\/a><br>Gandolfo, Enrique<br><a href=\"https:\/\/museocaraffa.org.ar\/coleccion\/index.php\/2023\/06\/08\/garcia-iglesias-maria-luisa\/\" data-type=\"post\" data-id=\"12411\">Garc\u00eda Iglesias, Mar\u00eda Luisa<\/a><br><a href=\"https:\/\/museocaraffa.org.ar\/coleccion\/index.php\/2021\/12\/10\/garcia-daniel\/\" data-type=\"post\" data-id=\"8338\">Garc\u00eda, Daniel<\/a><br><a href=\"https:\/\/museocaraffa.org.ar\/coleccion\/index.php\/2023\/06\/08\/garrone-leopoldo\/\" data-type=\"post\" data-id=\"12429\">Garrone, Leopoldo Domingo<\/a><br><a href=\"https:\/\/museocaraffa.org.ar\/coleccion\/index.php\/2023\/06\/08\/gaspar-marta\/\" data-type=\"post\" data-id=\"12437\">Gaspar, Marta<\/a><br><a href=\"https:\/\/museocaraffa.org.ar\/coleccion\/index.php\/2023\/06\/08\/gastaldi-alberto-magno\/\" data-type=\"post\" data-id=\"12445\">Gastaldi, Alberto Magno<\/a><br><a href=\"https:\/\/museocaraffa.org.ar\/coleccion\/index.php\/2021\/12\/10\/gatto-domingo\/\" data-type=\"post\" data-id=\"8344\">Gatto, Domingo<\/a><br><a href=\"https:\/\/museocaraffa.org.ar\/coleccion\/index.php\/2023\/06\/08\/geri-ricardo\/\" data-type=\"post\" data-id=\"12455\">Geri, Ricardo<\/a><br>Gerrard, Ernesto<br>Gerry, Ignacio<br><a href=\"https:\/\/museocaraffa.org.ar\/coleccion\/index.php\/2021\/12\/10\/gigli-lorenzo\/\" data-type=\"post\" data-id=\"8351\">Gigli, Lorenzo<\/a><br><a href=\"https:\/\/museocaraffa.org.ar\/coleccion\/index.php\/2021\/12\/17\/gil-flood-patricio\/\" data-type=\"post\" data-id=\"8487\">Gil Flood, Patricio<\/a><br><a href=\"https:\/\/museocaraffa.org.ar\/coleccion\/index.php\/2023\/06\/23\/gil-rafael\/\" data-type=\"post\" data-id=\"12506\">Gil, Rafael<\/a><br><a href=\"https:\/\/museocaraffa.org.ar\/coleccion\/index.php\/2025\/10\/02\/gilligan-ana\/\" data-type=\"post\" data-id=\"14142\">Gilligan, Ana<\/a><br><a href=\"https:\/\/museocaraffa.org.ar\/coleccion\/index.php\/2023\/06\/23\/giolitti-carlos-alberto\/\" data-type=\"post\" data-id=\"12512\">Giolitti, Carlos A.<\/a><br><a href=\"https:\/\/museocaraffa.org.ar\/coleccion\/index.php\/2021\/12\/10\/giordano-la-rosa-mario\/\" data-type=\"post\" data-id=\"8357\">Giordano La Rosa, Mario<\/a><br><a href=\"https:\/\/museocaraffa.org.ar\/coleccion\/index.php\/2023\/06\/23\/giorgis-carlos\/\" data-type=\"post\" data-id=\"12518\">Giorgis, Carlos<\/a><br><a href=\"https:\/\/museocaraffa.org.ar\/coleccion\/index.php\/2021\/12\/17\/giovanetti-miguel-angel\/\" data-type=\"post\" data-id=\"8494\">Giovanetti, Miguel \u00c1ngel<\/a><br><a href=\"https:\/\/museocaraffa.org.ar\/coleccion\/index.php\/2021\/12\/10\/giusiano-eduardo\/\" data-type=\"post\" data-id=\"8366\">Giusiano, Eduardo<\/a>\u00a0<br><a href=\"https:\/\/museocaraffa.org.ar\/coleccion\/index.php\/2023\/06\/08\/gomariz-osvaldo\/\" data-type=\"post\" data-id=\"12417\">Gomariz, Osvaldo<\/a><br><a href=\"https:\/\/museocaraffa.org.ar\/coleccion\/index.php\/2021\/12\/10\/gomez-clara-emiliano\/\" data-type=\"post\" data-id=\"8376\">G\u00f3mez Clara, Emiliano<\/a><br><a href=\"https:\/\/museocaraffa.org.ar\/coleccion\/index.php\/2021\/12\/12\/gomez-cornet-ramon\/\" data-type=\"post\" data-id=\"8393\">G\u00f3mez Cornet, Ram\u00f3n<\/a><br>G\u00f3mez Lollo, Humberto<br><a href=\"https:\/\/museocaraffa.org.ar\/coleccion\/index.php\/2021\/12\/17\/gomez-molina-de-dutari-lilian\/\" data-type=\"post\" data-id=\"8500\">G\u00f3mez Molina\u00a0 de Dutari, Lilian<\/a><br><a href=\"https:\/\/museocaraffa.org.ar\/coleccion\/index.php\/2023\/06\/22\/gomez-marcela\/\" data-type=\"post\" data-id=\"12482\">G\u00f3mez, Marcela<\/a><br><a href=\"https:\/\/museocaraffa.org.ar\/coleccion\/index.php\/2021\/12\/12\/gomez-raul-pajaro\/\" data-type=\"post\" data-id=\"8399\">G\u00f3mez, Ra\u00fal (P\u00e1jaro)<\/a><br><a href=\"https:\/\/museocaraffa.org.ar\/coleccion\/index.php\/2021\/12\/12\/gonzaga-cony-luis\/\" data-type=\"post\" data-id=\"8405\">Gonzaga Cony, Luis\u00a0<\/a><br><a href=\"https:\/\/museocaraffa.org.ar\/coleccion\/index.php\/2021\/12\/12\/gonzalez-lazara-manuel\/\" data-type=\"post\" data-id=\"8411\">Gonz\u00e1lez Lazara, Manuel<\/a><br><a href=\"https:\/\/museocaraffa.org.ar\/coleccion\/index.php\/2021\/12\/17\/gonzalez-rosa\/\" data-type=\"post\" data-id=\"8522\">Gonz\u00e1lez, Rosa<\/a><br><a href=\"https:\/\/museocaraffa.org.ar\/coleccion\/index.php\/2022\/05\/06\/gowland-moreno-luis\/\" data-type=\"post\" data-id=\"11027\">Gowland Moreno, Luis<\/a><br>Goya y Lucientes, Francisco de<br><a href=\"https:\/\/museocaraffa.org.ar\/coleccion\/index.php\/2023\/06\/22\/goymil-marcos\/\" data-type=\"post\" data-id=\"12488\">Goymil, Marcos<\/a><br><a href=\"https:\/\/museocaraffa.org.ar\/coleccion\/index.php\/2021\/12\/12\/gramajo-gutierrez-alfredo\/\" data-type=\"post\" data-id=\"8417\">Gramajo Guti\u00e9rrez, Alfredo<\/a> <br><a href=\"https:\/\/museocaraffa.org.ar\/coleccion\/index.php\/2024\/02\/20\/grande-beatriz\/\" data-type=\"post\" data-id=\"13007\">Grande, Beatriz<\/a><br><a href=\"https:\/\/museocaraffa.org.ar\/coleccion\/index.php\/2024\/02\/15\/grande-salvatore\/\" data-type=\"post\" data-id=\"12898\">Grande, Salvatore<\/a><br><a href=\"https:\/\/museocaraffa.org.ar\/coleccion\/index.php\/2021\/12\/12\/grandi-mario-dario\/\" data-type=\"post\" data-id=\"8423\">Grandi, Mario Dar\u00edo<\/a><br>Graner, Luis<br><a href=\"https:\/\/museocaraffa.org.ar\/coleccion\/index.php\/2021\/12\/12\/grifasi-alfio\/\" data-type=\"post\" data-id=\"8429\">Grifasi, Alfio<\/a><br><a href=\"https:\/\/museocaraffa.org.ar\/coleccion\/index.php\/2021\/12\/12\/grigorieff-boris\/\" data-type=\"post\" data-id=\"8443\">Grigorieff, Boris<\/a><br><a href=\"https:\/\/museocaraffa.org.ar\/coleccion\/index.php\/2021\/12\/12\/grinberg-mario-2\/\" data-type=\"post\" data-id=\"8457\">Grinberg, Mario<\/a><br><a href=\"https:\/\/museocaraffa.org.ar\/coleccion\/index.php\/2023\/06\/23\/gubiani-oscar\/\" data-type=\"post\" data-id=\"12524\">Gubiani, Oscar<\/a><br><a href=\"https:\/\/museocaraffa.org.ar\/coleccion\/index.php\/2023\/06\/23\/guglielmo-manuel-ricardo\/\" data-type=\"post\" data-id=\"12530\">Guglielmo, Manuel Ricardo<\/a><br><a href=\"https:\/\/museocaraffa.org.ar\/coleccion\/index.php\/2022\/04\/27\/guido-alfredo\/\" data-type=\"post\" data-id=\"10913\">Guido, Alfredo<\/a><br><a href=\"https:\/\/museocaraffa.org.ar\/coleccion\/index.php\/2024\/02\/15\/guillermon-maria-julia\/\" data-type=\"post\" data-id=\"12906\">Guillermon, Mar\u00eda Julia<\/a><br><a href=\"https:\/\/museocaraffa.org.ar\/coleccion\/index.php\/2025\/10\/02\/guagliano-mariana\/\" data-type=\"post\" data-id=\"14161\">Guagliano, Mariana<\/a><br><a href=\"https:\/\/museocaraffa.org.ar\/coleccion\/index.php\/2021\/12\/17\/guinot-camilo\/\" data-type=\"post\" data-id=\"8502\">Guinot, Camilo<\/a><br><a href=\"https:\/\/museocaraffa.org.ar\/coleccion\/index.php\/2024\/11\/27\/gutierrez-maria-haydee\/\" data-type=\"post\" data-id=\"14088\">Guti\u00e9rrez, Mar\u00eda Hayd\u00e9e<\/a><br><a href=\"https:\/\/museocaraffa.org.ar\/coleccion\/index.php\/2021\/12\/17\/guttero-alfredo\/\" data-type=\"post\" data-id=\"8475\">Guttero, Alfredo<\/a><br><a href=\"https:\/\/museocaraffa.org.ar\/coleccion\/index.php\/2021\/12\/17\/guzman-loza-estanislao\/\" data-type=\"post\" data-id=\"8481\">Guzm\u00e1n Loza, Estanislao<\/a><br>Guzm\u00e1n, Graciela<br><a href=\"https:\/\/museocaraffa.org.ar\/coleccion\/index.php\/2024\/11\/22\/guzman-miguel-angel\/\" data-type=\"post\" data-id=\"14023\">Guzm\u00e1n, Miguel \u00c1ngel<\/a><\/p>\n","protected":false},"excerpt":{"rendered":"<p>A | B | C | D | E | F | G | H | I | J | K | L | M | N | \u00d1 | O | P | Q | R | S | T | U | V | W | X | Y | Z Galiasso, SaraGalicer, [&hellip;]<\/p>\n","protected":false},"author":1,"featured_media":0,"parent":0,"menu_order":0,"comment_status":"closed","ping_status":"closed","template":"","meta":{"_vp_format_video_url":"","_vp_image_focal_point":[],"_starter_page_template":"blank"},"_links":{"self":[{"href":"https:\/\/museocaraffa.org.ar\/coleccion\/index.php\/wp-json\/wp\/v2\/pages\/2138"}],"collection":[{"href":"https:\/\/museocaraffa.org.ar\/coleccion\/index.php\/wp-json\/wp\/v2\/pages"}],"about":[{"href":"https:\/\/museocaraffa.org.ar\/coleccion\/index.php\/wp-json\/wp\/v2\/types\/page"}],"author":[{"embeddable":true,"href":"https:\/\/museocaraffa.org.ar\/coleccion\/index.php\/wp-json\/wp\/v2\/users\/1"}],"replies":[{"embeddable":true,"href":"https:\/\/museocaraffa.org.ar\/coleccion\/index.php\/wp-json\/wp\/v2\/comments?post=2138"}],"version-history":[{"count":46,"href":"https:\/\/museocaraffa.org.ar\/coleccion\/index.php\/wp-json\/wp\/v2\/pages\/2138\/revisions"}],"predecessor-version":[{"id":14167,"href":"https:\/\/museocaraffa.org.ar\/coleccion\/index.php\/wp-json\/wp\/v2\/pages\/2138\/revisions\/14167"}],"wp:attachment":[{"href":"https:\/\/museocaraffa.org.ar\/coleccion\/index.php\/wp-json\/wp\/v2\/media?parent=2138"}],"curies":[{"name":"wp","href":"https:\/\/api.w.org\/{rel}","templated":true}]}}