{"id":6681,"date":"2021-10-28T14:43:17","date_gmt":"2021-10-28T17:43:17","guid":{"rendered":"https:\/\/museocaraffa.org.ar\/coleccion\/?page_id=6681"},"modified":"2024-05-03T09:43:40","modified_gmt":"2024-05-03T12:43:40","slug":"archivo-2","status":"publish","type":"page","link":"https:\/\/museocaraffa.org.ar\/coleccion\/index.php\/archivo-2\/","title":{"rendered":"Consultas"},"content":{"rendered":"\n<h5><strong>Servicio de consulta<\/strong><\/h5>\n\n\n\n<div class=\"wp-block-columns\">\n<div class=\"wp-block-column\" style=\"flex-basis:66.66%\">\n<p class=\"has-small-font-size\">A trav\u00e9s de este servicio el museo permite el acceso p\u00fablico a numerosos documentos (impresos y digitales) que conforman su archivo. La informaci\u00f3n disponible est\u00e1 fundamentalmente asociada a su colecci\u00f3n y a diversos aspectos de su historia institucional. El material incluye:<\/p>\n\n\n\n<ul class=\"has-small-font-size\"><li>legajos de artistas<\/li><li>legajos de exposiciones<\/li><li>memorias anuales del museo<\/li><li>conjuntos documentales especiales (archivos personales de artistas, archivo IKA, archivo de premios y salones realizados en C\u00f3rdoba, entre otros)<\/li><li>cat\u00e1logos y otras piezas gr\u00e1ficas de exposiciones y eventos realizados en el museo<\/li><\/ul>\n\n\n\n<p class=\"has-small-font-size\">El servicio es gratuito y para solicitar una consulta solo debe completarse el formulario de acceso<span class=\"has-inline-color has-cyan-bluish-gray-color\"><\/span> que figura a continuaci\u00f3n. Sugerimos revisar, previamente, el <a href=\"https:\/\/museocaraffa.org.ar\/coleccion\/wp-content\/uploads\/2021\/06\/reglamento_def_2019.pdf\">reglamento de consultas<\/a>.<\/p>\n\n\n\n<div class=\"wp-container-1 wp-block-buttons\">\n<div class=\"wp-block-button has-custom-font-size is-style-fill has-small-font-size\"><a class=\"wp-block-button__link has-black-color has-text-color has-background\" href=\"https:\/\/docs.google.com\/forms\/d\/e\/1FAIpQLSc1W5QzkG7tp4SFRlc43_fC6AIH2JAMddK9bD0THwVyvhpXVg\/viewform\" style=\"background-color:#bcbcbc\">formulario de acceso<\/a><\/div>\n<\/div>\n<\/div>\n\n\n\n<div class=\"wp-block-column\" style=\"flex-basis:33.33%\">\n<figure class=\"wp-block-image size-full\"><img loading=\"lazy\" width=\"800\" height=\"600\" src=\"https:\/\/museocaraffa.org.ar\/coleccion\/wp-content\/uploads\/2021\/08\/enc1.jpg\" alt=\"\" class=\"wp-image-3824\" srcset=\"https:\/\/museocaraffa.org.ar\/coleccion\/wp-content\/uploads\/2021\/08\/enc1.jpg 800w, https:\/\/museocaraffa.org.ar\/coleccion\/wp-content\/uploads\/2021\/08\/enc1-300x225.jpg 300w, https:\/\/museocaraffa.org.ar\/coleccion\/wp-content\/uploads\/2021\/08\/enc1-768x576.jpg 768w, https:\/\/museocaraffa.org.ar\/coleccion\/wp-content\/uploads\/2021\/08\/enc1-400x300.jpg 400w, https:\/\/museocaraffa.org.ar\/coleccion\/wp-content\/uploads\/2021\/08\/enc1-200x150.jpg 200w, https:\/\/museocaraffa.org.ar\/coleccion\/wp-content\/uploads\/2021\/08\/enc1-750x563.jpg 750w\" sizes=\"(max-width: 800px) 100vw, 800px\" \/><\/figure>\n<\/div>\n<\/div>\n\n\n\n<p class=\"has-small-font-size\"><\/p>\n","protected":false},"excerpt":{"rendered":"<p>Servicio de consulta A trav\u00e9s de este servicio el museo permite el acceso p\u00fablico a numerosos documentos (impresos y digitales) que conforman su archivo. La informaci\u00f3n disponible est\u00e1 fundamentalmente asociada a su colecci\u00f3n y a diversos aspectos de su historia institucional. El material incluye: legajos de artistas legajos de exposiciones memorias anuales del museo conjuntos [&hellip;]<\/p>\n","protected":false},"author":1,"featured_media":0,"parent":0,"menu_order":0,"comment_status":"closed","ping_status":"closed","template":"","meta":{"_vp_format_video_url":"","_vp_image_focal_point":[],"_starter_page_template":""},"_links":{"self":[{"href":"https:\/\/museocaraffa.org.ar\/coleccion\/index.php\/wp-json\/wp\/v2\/pages\/6681"}],"collection":[{"href":"https:\/\/museocaraffa.org.ar\/coleccion\/index.php\/wp-json\/wp\/v2\/pages"}],"about":[{"href":"https:\/\/museocaraffa.org.ar\/coleccion\/index.php\/wp-json\/wp\/v2\/types\/page"}],"author":[{"embeddable":true,"href":"https:\/\/museocaraffa.org.ar\/coleccion\/index.php\/wp-json\/wp\/v2\/users\/1"}],"replies":[{"embeddable":true,"href":"https:\/\/museocaraffa.org.ar\/coleccion\/index.php\/wp-json\/wp\/v2\/comments?post=6681"}],"version-history":[{"count":21,"href":"https:\/\/museocaraffa.org.ar\/coleccion\/index.php\/wp-json\/wp\/v2\/pages\/6681\/revisions"}],"predecessor-version":[{"id":13591,"href":"https:\/\/museocaraffa.org.ar\/coleccion\/index.php\/wp-json\/wp\/v2\/pages\/6681\/revisions\/13591"}],"wp:attachment":[{"href":"https:\/\/museocaraffa.org.ar\/coleccion\/index.php\/wp-json\/wp\/v2\/media?parent=6681"}],"curies":[{"name":"wp","href":"https:\/\/api.w.org\/{rel}","templated":true}]}}