{"id":6694,"date":"2021-10-28T15:23:26","date_gmt":"2021-10-28T18:23:26","guid":{"rendered":"https:\/\/museocaraffa.org.ar\/coleccion\/?page_id=6694"},"modified":"2022-04-12T16:32:43","modified_gmt":"2022-04-12T19:32:43","slug":"contacto-2","status":"publish","type":"page","link":"https:\/\/museocaraffa.org.ar\/coleccion\/index.php\/contacto-2\/","title":{"rendered":"Contacto"},"content":{"rendered":"\n<h6>Museo Provincial de Bellas Artes Emilio Caraffa \/ \u00c1rea Colecci\u00f3n<\/h6>\n\n\n\n<p class=\"has-small-font-size\">Av. Poeta Lugones 411, X5000HZE<br>C\u00f3rdoba, Argentina<br>E-mail: <a href=\"mailto:coleccion@museocaraffa.org.ar\">coleccion@museocaraffa.org.ar<\/a><br>Tel.: (54 351) 4333414\/4343348\/4343349\/ int. 222<\/p>\n","protected":false},"excerpt":{"rendered":"<p>Museo Provincial de Bellas Artes Emilio Caraffa \/ \u00c1rea Colecci\u00f3n Av. Poeta Lugones 411, X5000HZEC\u00f3rdoba, ArgentinaE-mail: coleccion@museocaraffa.org.arTel.: (54 351) 4333414\/4343348\/4343349\/ int. 222<\/p>\n","protected":false},"author":1,"featured_media":0,"parent":0,"menu_order":0,"comment_status":"closed","ping_status":"closed","template":"","meta":{"_vp_format_video_url":"","_vp_image_focal_point":[],"_starter_page_template":""},"_links":{"self":[{"href":"https:\/\/museocaraffa.org.ar\/coleccion\/index.php\/wp-json\/wp\/v2\/pages\/6694"}],"collection":[{"href":"https:\/\/museocaraffa.org.ar\/coleccion\/index.php\/wp-json\/wp\/v2\/pages"}],"about":[{"href":"https:\/\/museocaraffa.org.ar\/coleccion\/index.php\/wp-json\/wp\/v2\/types\/page"}],"author":[{"embeddable":true,"href":"https:\/\/museocaraffa.org.ar\/coleccion\/index.php\/wp-json\/wp\/v2\/users\/1"}],"replies":[{"embeddable":true,"href":"https:\/\/museocaraffa.org.ar\/coleccion\/index.php\/wp-json\/wp\/v2\/comments?post=6694"}],"version-history":[{"count":7,"href":"https:\/\/museocaraffa.org.ar\/coleccion\/index.php\/wp-json\/wp\/v2\/pages\/6694\/revisions"}],"predecessor-version":[{"id":10713,"href":"https:\/\/museocaraffa.org.ar\/coleccion\/index.php\/wp-json\/wp\/v2\/pages\/6694\/revisions\/10713"}],"wp:attachment":[{"href":"https:\/\/museocaraffa.org.ar\/coleccion\/index.php\/wp-json\/wp\/v2\/media?parent=6694"}],"curies":[{"name":"wp","href":"https:\/\/api.w.org\/{rel}","templated":true}]}}